{"id":552,"date":"2024-03-21T10:52:33","date_gmt":"2024-03-21T09:52:33","guid":{"rendered":"https:\/\/cressondemereville.com\/index.php\/directory-igp\/"},"modified":"2024-03-21T10:52:33","modified_gmt":"2024-03-21T09:52:33","slug":"directory-igp","status":"publish","type":"page","link":"https:\/\/cressondemereville.com\/index.php\/directory-igp\/","title":{"rendered":"Cressiculteur engag\u00e9 IGP"},"content":{"rendered":"","protected":false},"excerpt":{"rendered":"","protected":false},"author":1,"featured_media":0,"parent":0,"menu_order":0,"comment_status":"closed","ping_status":"closed","template":"","meta":{"_et_pb_use_builder":"","_et_pb_old_content":"","_et_gb_content_width":"","footnotes":""},"class_list":["post-552","page","type-page","status-publish","hentry"],"yoast_head":"<!-- This site is optimized with the Yoast SEO plugin v27.4 - https:\/\/yoast.com\/product\/yoast-seo-wordpress\/ -->\n<title>Cressiculteur engag\u00e9 IGP - Cresson de M\u00e9r\u00e9ville<\/title>\n<meta name=\"robots\" content=\"index, follow, max-snippet:-1, max-image-preview:large, max-video-preview:-1\" \/>\n<link rel=\"canonical\" href=\"https:\/\/cressondemereville.com\/index.php\/directory-igp\/\" \/>\n<meta property=\"og:locale\" content=\"fr_FR\" \/>\n<meta property=\"og:type\" content=\"article\" \/>\n<meta property=\"og:title\" content=\"Cressiculteur engag\u00e9 IGP - Cresson de M\u00e9r\u00e9ville\" \/>\n<meta property=\"og:url\" content=\"https:\/\/cressondemereville.com\/index.php\/directory-igp\/\" \/>\n<meta property=\"og:site_name\" content=\"Cresson de M\u00e9r\u00e9ville\" \/>\n<meta name=\"twitter:card\" content=\"summary_large_image\" \/>\n<script type=\"application\/ld+json\" class=\"yoast-schema-graph\">{\"@context\":\"https:\\\/\\\/schema.org\",\"@graph\":[{\"@type\":\"WebPage\",\"@id\":\"https:\\\/\\\/cressondemereville.com\\\/index.php\\\/directory-igp\\\/\",\"url\":\"https:\\\/\\\/cressondemereville.com\\\/index.php\\\/directory-igp\\\/\",\"name\":\"Cressiculteur engag\u00e9 IGP - Cresson de M\u00e9r\u00e9ville\",\"isPartOf\":{\"@id\":\"https:\\\/\\\/cressondemereville.com\\\/#website\"},\"datePublished\":\"2024-03-21T09:52:33+00:00\",\"breadcrumb\":{\"@id\":\"https:\\\/\\\/cressondemereville.com\\\/index.php\\\/directory-igp\\\/#breadcrumb\"},\"inLanguage\":\"fr-FR\",\"potentialAction\":[{\"@type\":\"ReadAction\",\"target\":[\"https:\\\/\\\/cressondemereville.com\\\/index.php\\\/directory-igp\\\/\"]}]},{\"@type\":\"BreadcrumbList\",\"@id\":\"https:\\\/\\\/cressondemereville.com\\\/index.php\\\/directory-igp\\\/#breadcrumb\",\"itemListElement\":[{\"@type\":\"ListItem\",\"position\":1,\"name\":\"Accueil\",\"item\":\"https:\\\/\\\/cressondemereville.com\\\/\"},{\"@type\":\"ListItem\",\"position\":2,\"name\":\"Cressiculteur engag\u00e9 IGP\"}]},{\"@type\":\"WebSite\",\"@id\":\"https:\\\/\\\/cressondemereville.com\\\/#website\",\"url\":\"https:\\\/\\\/cressondemereville.com\\\/\",\"name\":\"Cresson de M\u00e9r\u00e9ville\",\"description\":\"Association de la Cre\u0301ssiculture Essonnienne\",\"publisher\":{\"@id\":\"https:\\\/\\\/cressondemereville.com\\\/#organization\"},\"potentialAction\":[{\"@type\":\"SearchAction\",\"target\":{\"@type\":\"EntryPoint\",\"urlTemplate\":\"https:\\\/\\\/cressondemereville.com\\\/?s={search_term_string}\"},\"query-input\":{\"@type\":\"PropertyValueSpecification\",\"valueRequired\":true,\"valueName\":\"search_term_string\"}}],\"inLanguage\":\"fr-FR\"},{\"@type\":\"Organization\",\"@id\":\"https:\\\/\\\/cressondemereville.com\\\/#organization\",\"name\":\"Association de la Cressiculture Essonnienne\",\"url\":\"https:\\\/\\\/cressondemereville.com\\\/\",\"logo\":{\"@type\":\"ImageObject\",\"inLanguage\":\"fr-FR\",\"@id\":\"https:\\\/\\\/cressondemereville.com\\\/#\\\/schema\\\/logo\\\/image\\\/\",\"url\":\"https:\\\/\\\/cressondemereville.com\\\/wp-content\\\/uploads\\\/2024\\\/03\\\/LOGO_RVB.png\",\"contentUrl\":\"https:\\\/\\\/cressondemereville.com\\\/wp-content\\\/uploads\\\/2024\\\/03\\\/LOGO_RVB.png\",\"width\":848,\"height\":736,\"caption\":\"Association de la Cressiculture Essonnienne\"},\"image\":{\"@id\":\"https:\\\/\\\/cressondemereville.com\\\/#\\\/schema\\\/logo\\\/image\\\/\"}}]}<\/script>\n<!-- \/ Yoast SEO plugin. -->","yoast_head_json":{"title":"Cressiculteur engag\u00e9 IGP - Cresson de M\u00e9r\u00e9ville","robots":{"index":"index","follow":"follow","max-snippet":"max-snippet:-1","max-image-preview":"max-image-preview:large","max-video-preview":"max-video-preview:-1"},"canonical":"https:\/\/cressondemereville.com\/index.php\/directory-igp\/","og_locale":"fr_FR","og_type":"article","og_title":"Cressiculteur engag\u00e9 IGP - Cresson de M\u00e9r\u00e9ville","og_url":"https:\/\/cressondemereville.com\/index.php\/directory-igp\/","og_site_name":"Cresson de M\u00e9r\u00e9ville","twitter_card":"summary_large_image","schema":{"@context":"https:\/\/schema.org","@graph":[{"@type":"WebPage","@id":"https:\/\/cressondemereville.com\/index.php\/directory-igp\/","url":"https:\/\/cressondemereville.com\/index.php\/directory-igp\/","name":"Cressiculteur engag\u00e9 IGP - Cresson de M\u00e9r\u00e9ville","isPartOf":{"@id":"https:\/\/cressondemereville.com\/#website"},"datePublished":"2024-03-21T09:52:33+00:00","breadcrumb":{"@id":"https:\/\/cressondemereville.com\/index.php\/directory-igp\/#breadcrumb"},"inLanguage":"fr-FR","potentialAction":[{"@type":"ReadAction","target":["https:\/\/cressondemereville.com\/index.php\/directory-igp\/"]}]},{"@type":"BreadcrumbList","@id":"https:\/\/cressondemereville.com\/index.php\/directory-igp\/#breadcrumb","itemListElement":[{"@type":"ListItem","position":1,"name":"Accueil","item":"https:\/\/cressondemereville.com\/"},{"@type":"ListItem","position":2,"name":"Cressiculteur engag\u00e9 IGP"}]},{"@type":"WebSite","@id":"https:\/\/cressondemereville.com\/#website","url":"https:\/\/cressondemereville.com\/","name":"Cresson de M\u00e9r\u00e9ville","description":"Association de la Cre\u0301ssiculture Essonnienne","publisher":{"@id":"https:\/\/cressondemereville.com\/#organization"},"potentialAction":[{"@type":"SearchAction","target":{"@type":"EntryPoint","urlTemplate":"https:\/\/cressondemereville.com\/?s={search_term_string}"},"query-input":{"@type":"PropertyValueSpecification","valueRequired":true,"valueName":"search_term_string"}}],"inLanguage":"fr-FR"},{"@type":"Organization","@id":"https:\/\/cressondemereville.com\/#organization","name":"Association de la Cressiculture Essonnienne","url":"https:\/\/cressondemereville.com\/","logo":{"@type":"ImageObject","inLanguage":"fr-FR","@id":"https:\/\/cressondemereville.com\/#\/schema\/logo\/image\/","url":"https:\/\/cressondemereville.com\/wp-content\/uploads\/2024\/03\/LOGO_RVB.png","contentUrl":"https:\/\/cressondemereville.com\/wp-content\/uploads\/2024\/03\/LOGO_RVB.png","width":848,"height":736,"caption":"Association de la Cressiculture Essonnienne"},"image":{"@id":"https:\/\/cressondemereville.com\/#\/schema\/logo\/image\/"}}]}},"_links":{"self":[{"href":"https:\/\/cressondemereville.com\/index.php\/wp-json\/wp\/v2\/pages\/552","targetHints":{"allow":["GET"]}}],"collection":[{"href":"https:\/\/cressondemereville.com\/index.php\/wp-json\/wp\/v2\/pages"}],"about":[{"href":"https:\/\/cressondemereville.com\/index.php\/wp-json\/wp\/v2\/types\/page"}],"author":[{"embeddable":true,"href":"https:\/\/cressondemereville.com\/index.php\/wp-json\/wp\/v2\/users\/1"}],"replies":[{"embeddable":true,"href":"https:\/\/cressondemereville.com\/index.php\/wp-json\/wp\/v2\/comments?post=552"}],"version-history":[{"count":0,"href":"https:\/\/cressondemereville.com\/index.php\/wp-json\/wp\/v2\/pages\/552\/revisions"}],"wp:attachment":[{"href":"https:\/\/cressondemereville.com\/index.php\/wp-json\/wp\/v2\/media?parent=552"}],"curies":[{"name":"wp","href":"https:\/\/api.w.org\/{rel}","templated":true}]}}